{"id":1376,"date":"2025-08-09T16:11:07","date_gmt":"2025-08-09T16:11:07","guid":{"rendered":"https:\/\/kunjitravel.nl\/?page_id=1376"},"modified":"2026-03-21T21:32:51","modified_gmt":"2026-03-21T21:32:51","slug":"why-travel-with-us","status":"publish","type":"page","link":"https:\/\/kunjitravel.nl\/nl\/why-travel-with-us\/","title":{"rendered":"Waarom reizen met ons?"},"content":{"rendered":"<div data-elementor-type=\"wp-page\" data-elementor-id=\"1376\" class=\"elementor elementor-1376\" data-elementor-post-type=\"page\">\n\t\t\t\t<div class=\"elementor-element elementor-element-8cb5eb8 e-flex e-con-boxed e-con e-parent\" data-id=\"8cb5eb8\" data-element_type=\"container\" data-settings=\"{&quot;background_background&quot;:&quot;classic&quot;}\">\n\t\t\t\t\t<div class=\"e-con-inner\">\n\t\t\t\t<div class=\"elementor-element elementor-element-68289ea elementor-widget-divider--view-line elementor-widget elementor-widget-divider\" data-id=\"68289ea\" data-element_type=\"widget\" data-widget_type=\"divider.default\">\n\t\t\t\t\t\t\t<div class=\"elementor-divider\">\n\t\t\t<span class=\"elementor-divider-separator\">\n\t\t\t\t\t\t<\/span>\n\t\t<\/div>\n\t\t\t\t\t\t<\/div>\n\t\t\t\t<div class=\"elementor-element elementor-element-1f806ff elementor-invisible elementor-widget elementor-widget-heading\" data-id=\"1f806ff\" data-element_type=\"widget\" data-settings=\"{&quot;_animation&quot;:&quot;fadeIn&quot;}\" data-widget_type=\"heading.default\">\n\t\t\t\t\t<h1 class=\"elementor-heading-title elementor-size-default\">Waarom Reizen met Ons?<\/h1>\t\t\t\t<\/div>\n\t\t\t\t<div class=\"elementor-element elementor-element-321d1a8 animated-fast elementor-widget__width-initial elementor-widget-mobile__width-initial elementor-invisible elementor-widget elementor-widget-text-editor\" data-id=\"321d1a8\" data-element_type=\"widget\" data-settings=\"{&quot;_animation&quot;:&quot;fadeIn&quot;}\" data-widget_type=\"text-editor.default\">\n\t\t\t\t\t\t\t\t\t<p class=\"font_8 wixui-rich-text__text\">Bij Kunji Travel plannen we niet zomaar reizen we cre\u00ebren betekenisvolle ervaringen. Dankzij onze diepe verbondenheid met Taiwan en Japan bieden we m\u00e9\u00e9r dan alleen bezienswaardigheden. \n\nOnze reizen zijn zorgvuldig samengesteld, met oog voor detail \u00e9n aandacht voor wat \u00e9cht telt: oprechte beleving, persoonlijke service en unieke momenten onderweg.<\/p>\t\t\t\t\t\t\t\t<\/div>\n\t\t\t\t<div class=\"elementor-element elementor-element-f39457b animated-fast elementor-align-left elementor-invisible elementor-widget elementor-widget-button\" data-id=\"f39457b\" data-element_type=\"widget\" data-settings=\"{&quot;_animation&quot;:&quot;fadeInUp&quot;}\" data-widget_type=\"button.default\">\n\t\t\t\t\t\t\t\t\t\t<a class=\"elementor-button elementor-button-link elementor-size-sm\" href=\"https:\/\/kunjitravel.nl\/nl\/travel\/\">\n\t\t\t\t\t\t<span class=\"elementor-button-content-wrapper\">\n\t\t\t\t\t\t\t\t\t<span class=\"elementor-button-text\">Ontdek ons aanbod<\/span>\n\t\t\t\t\t<\/span>\n\t\t\t\t\t<\/a>\n\t\t\t\t\t\t\t\t<\/div>\n\t\t\t\t\t<\/div>\n\t\t\t\t<\/div>\n\t\t<div class=\"elementor-element elementor-element-f2b92d7 e-flex e-con-boxed e-con e-parent\" data-id=\"f2b92d7\" data-element_type=\"container\" data-settings=\"{&quot;background_background&quot;:&quot;classic&quot;,&quot;background_motion_fx_motion_fx_scrolling&quot;:&quot;yes&quot;,&quot;background_motion_fx_opacity_effect&quot;:&quot;yes&quot;,&quot;background_motion_fx_opacity_range&quot;:{&quot;unit&quot;:&quot;%&quot;,&quot;size&quot;:&quot;&quot;,&quot;sizes&quot;:{&quot;start&quot;:50,&quot;end&quot;:54}},&quot;background_motion_fx_opacity_direction&quot;:&quot;out-in&quot;,&quot;background_motion_fx_opacity_level&quot;:{&quot;unit&quot;:&quot;px&quot;,&quot;size&quot;:10,&quot;sizes&quot;:[]},&quot;background_motion_fx_devices&quot;:[&quot;desktop&quot;,&quot;tablet&quot;,&quot;mobile&quot;]}\">\n\t\t\t\t\t<div class=\"e-con-inner\">\n\t\t\t\t<div class=\"elementor-element elementor-element-162999c elementor-invisible elementor-widget elementor-widget-heading\" data-id=\"162999c\" data-element_type=\"widget\" data-settings=\"{&quot;_animation&quot;:&quot;fadeIn&quot;}\" data-widget_type=\"heading.default\">\n\t\t\t\t\t<h2 class=\"elementor-heading-title elementor-size-default\">Dit is wat ons anders maakt:<\/h2>\t\t\t\t<\/div>\n\t\t<div class=\"elementor-element elementor-element-7bc8d64 e-con-full e-flex e-con e-child\" data-id=\"7bc8d64\" data-element_type=\"container\">\n\t\t<div class=\"elementor-element elementor-element-aa2ea2b e-con-full e-flex e-con e-child\" data-id=\"aa2ea2b\" data-element_type=\"container\" data-settings=\"{&quot;background_background&quot;:&quot;classic&quot;}\">\n\t\t\t\t<div class=\"elementor-element elementor-element-8618c6e elementor-invisible elementor-widget elementor-widget-heading\" data-id=\"8618c6e\" data-element_type=\"widget\" data-settings=\"{&quot;_animation&quot;:&quot;fadeIn&quot;}\" data-widget_type=\"heading.default\">\n\t\t\t\t\t<h2 class=\"elementor-heading-title elementor-size-default\">1. Wij Kennen de Bestemming als Geen Ander<\/h2>\t\t\t\t<\/div>\n\t\t\t\t<div class=\"elementor-element elementor-element-b36ca5c animated-fast elementor-widget-mobile__width-initial elementor-invisible elementor-widget elementor-widget-text-editor\" data-id=\"b36ca5c\" data-element_type=\"widget\" data-settings=\"{&quot;_animation&quot;:&quot;fadeIn&quot;}\" data-widget_type=\"text-editor.default\">\n\t\t\t\t\t\t\t\t\t<p class=\"font_8 wixui-rich-text__text\">Wat maakt ons uniek? Wij zijn onderdeel van de lokale bevolking. We spreken de taal en hebben sterke banden met de gemeenschappen die je bezoekt. Dankzij onze persoonlijke connecties en diepgaande kennis kunnen we ervaringen bieden die verder gaan dan de standaard toeristische routes.\u00a0 \u00a0 \u00a0 \u00a0 \u00a0 \u00a0 \u00a0 \u00a0 \u00a0 \u00a0 \u00a0 \u00a0 \u00a0 \u00a0 \u00a0 \u00a0 \u00a0 \u00a0 \u00a0 \u00a0 \u00a0 \u00a0 \u00a0 \u00a0 \u00a0 \u00a0 \u00a0 \u00a0 \u00a0 \u00a0 \u00a0 \u00a0 \u00a0 \u00a0<\/p>\t\t\t\t\t\t\t\t<\/div>\n\t\t\t\t<\/div>\n\t\t<div class=\"elementor-element elementor-element-78be800 e-con-full e-flex e-con e-child\" data-id=\"78be800\" data-element_type=\"container\" data-settings=\"{&quot;background_background&quot;:&quot;classic&quot;}\">\n\t\t\t\t<div class=\"elementor-element elementor-element-d6b1ef9 elementor-invisible elementor-widget elementor-widget-heading\" data-id=\"d6b1ef9\" data-element_type=\"widget\" data-settings=\"{&quot;_animation&quot;:&quot;fadeIn&quot;}\" data-widget_type=\"heading.default\">\n\t\t\t\t\t<h2 class=\"elementor-heading-title elementor-size-default\">2. Ontdek het Onbekende<\/h2>\t\t\t\t<\/div>\n\t\t\t\t<div class=\"elementor-element elementor-element-a55deb8 animated-fast elementor-widget-mobile__width-initial elementor-invisible elementor-widget elementor-widget-text-editor\" data-id=\"a55deb8\" data-element_type=\"widget\" data-settings=\"{&quot;_animation&quot;:&quot;fadeIn&quot;}\" data-widget_type=\"text-editor.default\">\n\t\t\t\t\t\t\t\t\t<p class=\"font_8 wixui-rich-text__text\">Bij Kunji Travel gaan we verder dan de gebaande paden en brengen we je naar het verborgen Taiwan en Japan, de plekken en verhalen die niet te vinden zijn in de standaard gidsen of massale tours. Denk aan ongerepte kustroutes, verborgen streetfood-paradijzen, ambachtslieden die hun vak beheersen en culturele ontmoetingen die je voor altijd bijblijven.<\/p>\t\t\t\t\t\t\t\t<\/div>\n\t\t\t\t<\/div>\n\t\t<div class=\"elementor-element elementor-element-efe7b67 e-con-full e-flex e-con e-child\" data-id=\"efe7b67\" data-element_type=\"container\" data-settings=\"{&quot;background_background&quot;:&quot;classic&quot;}\">\n\t\t\t\t<div class=\"elementor-element elementor-element-b38b37d elementor-invisible elementor-widget elementor-widget-heading\" data-id=\"b38b37d\" data-element_type=\"widget\" data-settings=\"{&quot;_animation&quot;:&quot;fadeIn&quot;}\" data-widget_type=\"heading.default\">\n\t\t\t\t\t<h2 class=\"elementor-heading-title elementor-size-default\">3. Helemaal Op Jouw Maat<\/h2>\t\t\t\t<\/div>\n\t\t\t\t<div class=\"elementor-element elementor-element-aba989e animated-fast elementor-widget-mobile__width-initial elementor-invisible elementor-widget elementor-widget-text-editor\" data-id=\"aba989e\" data-element_type=\"widget\" data-settings=\"{&quot;_animation&quot;:&quot;fadeIn&quot;}\" data-widget_type=\"text-editor.default\">\n\t\t\t\t\t\t\t\t\t<p class=\"font_8 wixui-rich-text__text\">Jouw reis moet bij jou passen. Daarom cre\u00ebren we gepersonaliseerde ervaringen die volledig aansluiten bij jouw interesses, reisstijl en tempo. Of je nu zelfstandig wilt verkennen, fietsen door Taiwan, een volledig begeleid avontuur zoekt. Of deel wilt nemen aan een exclusieve VIP-tour met een persoonlijke gids wij maken het mogelijk, precies zoals jij het voor ogen hebt.<\/p>\t\t\t\t\t\t\t\t<\/div>\n\t\t\t\t<\/div>\n\t\t\t\t<\/div>\n\t\t<div class=\"elementor-element elementor-element-95c7be6 e-con-full e-flex e-con e-child\" data-id=\"95c7be6\" data-element_type=\"container\">\n\t\t<div class=\"elementor-element elementor-element-9d9abf1 e-con-full e-flex e-con e-child\" data-id=\"9d9abf1\" data-element_type=\"container\" data-settings=\"{&quot;background_background&quot;:&quot;classic&quot;}\">\n\t\t\t\t<div class=\"elementor-element elementor-element-e4be07d elementor-invisible elementor-widget elementor-widget-heading\" data-id=\"e4be07d\" data-element_type=\"widget\" data-settings=\"{&quot;_animation&quot;:&quot;fadeIn&quot;}\" data-widget_type=\"heading.default\">\n\t\t\t\t\t<h2 class=\"elementor-heading-title elementor-size-default\">4. Lokale Ondersteuning, 24\/7<\/h2>\t\t\t\t<\/div>\n\t\t\t\t<div class=\"elementor-element elementor-element-300e369 animated-fast elementor-widget-mobile__width-initial elementor-invisible elementor-widget elementor-widget-text-editor\" data-id=\"300e369\" data-element_type=\"widget\" data-settings=\"{&quot;_animation&quot;:&quot;fadeIn&quot;}\" data-widget_type=\"text-editor.default\">\n\t\t\t\t\t\t\t\t\t<p class=\"font_8 wixui-rich-text__text\">Reizen in het buitenland kan soms voor onverwachte uitdagingen zorgen, maar met Kunji Travel sta je er nooit alleen voor. Ons lokale team is 24\/7 bereikbaar om je te ondersteunen, vragen te beantwoorden en te helpen waar nodig. We zijn er om ervoor te zorgen dat jouw reis soepel, veilig en vol waardevolle momenten verloopt zodat jij je kunt genieten van elke stap van je reis.<\/p>\t\t\t\t\t\t\t\t<\/div>\n\t\t\t\t<\/div>\n\t\t<div class=\"elementor-element elementor-element-ea492a7 e-con-full e-flex e-con e-child\" data-id=\"ea492a7\" data-element_type=\"container\" data-settings=\"{&quot;background_background&quot;:&quot;classic&quot;}\">\n\t\t\t\t<div class=\"elementor-element elementor-element-9a40aa8 elementor-invisible elementor-widget elementor-widget-heading\" data-id=\"9a40aa8\" data-element_type=\"widget\" data-settings=\"{&quot;_animation&quot;:&quot;fadeIn&quot;}\" data-widget_type=\"heading.default\">\n\t\t\t\t\t<h2 class=\"elementor-heading-title elementor-size-default\">5. Reis met Zekerheid<\/h2>\t\t\t\t<\/div>\n\t\t\t\t<div class=\"elementor-element elementor-element-4b95707 animated-fast elementor-widget-mobile__width-initial elementor-invisible elementor-widget elementor-widget-text-editor\" data-id=\"4b95707\" data-element_type=\"widget\" data-settings=\"{&quot;_animation&quot;:&quot;fadeIn&quot;}\" data-widget_type=\"text-editor.default\">\n\t\t\t\t\t\t\t\t\t<p class=\"font_8 wixui-rich-text__text\">Kunji Travel is een officieel erkend reisbureau gevestigd in Nederland. We zijn aangesloten bij het Garantiefonds Reisgelden (VZR), het Calamiteitenfonds en de Vereniging van Kleine Reisorganisaties (VVKR), zodat je verzekerd bent van financi\u00eble bescherming en professionele ondersteuning gedurende je reis.<\/p>\t\t\t\t\t\t\t\t<\/div>\n\t\t\t\t<\/div>\n\t\t<div class=\"elementor-element elementor-element-df698c1 e-con-full e-flex e-con e-child\" data-id=\"df698c1\" data-element_type=\"container\" data-settings=\"{&quot;background_background&quot;:&quot;classic&quot;}\">\n\t\t\t\t<div class=\"elementor-element elementor-element-61a5f9e elementor-invisible elementor-widget elementor-widget-heading\" data-id=\"61a5f9e\" data-element_type=\"widget\" data-settings=\"{&quot;_animation&quot;:&quot;fadeIn&quot;}\" data-widget_type=\"heading.default\">\n\t\t\t\t\t<h2 class=\"elementor-heading-title elementor-size-default\">6. Hoogwaardige Service<\/h2>\t\t\t\t<\/div>\n\t\t\t\t<div class=\"elementor-element elementor-element-bfe7460 animated-fast elementor-widget-mobile__width-initial elementor-invisible elementor-widget elementor-widget-text-editor\" data-id=\"bfe7460\" data-element_type=\"widget\" data-settings=\"{&quot;_animation&quot;:&quot;fadeIn&quot;}\" data-widget_type=\"text-editor.default\">\n\t\t\t\t\t\t\t\t\t<p class=\"font_8 wixui-rich-text__text\">Van vervoer en accommodaties tot excursies en gidsen. Elk onderdeel van jouw reis wordt met zorg geselecteerd om te voldoen aan de hoge standaarden van Kunji Travel. Ons doel is om een soepele, comfortabele en betekenisvolle reiservaring te bieden, waarbij kwaliteit, aandacht en authenticiteit altijd centraal staan in alles wat we doen.<\/p>\t\t\t\t\t\t\t\t<\/div>\n\t\t\t\t<\/div>\n\t\t\t\t<\/div>\n\t\t\t\t\t<\/div>\n\t\t\t\t<\/div>\n\t\t<div class=\"elementor-element elementor-element-f599f81 e-flex e-con-boxed e-con e-parent\" data-id=\"f599f81\" data-element_type=\"container\">\n\t\t\t\t\t<div class=\"e-con-inner\">\n\t\t\t\t<div class=\"elementor-element elementor-element-742297b elementor-widget elementor-widget-spacer\" data-id=\"742297b\" data-element_type=\"widget\" data-widget_type=\"spacer.default\">\n\t\t\t\t\t\t\t<div class=\"elementor-spacer\">\n\t\t\t<div class=\"elementor-spacer-inner\"><\/div>\n\t\t<\/div>\n\t\t\t\t\t\t<\/div>\n\t\t\t\t\t<\/div>\n\t\t\t\t<\/div>\n\t\t<div class=\"elementor-element elementor-element-86b3ace e-con-full e-flex e-con e-child\" data-id=\"86b3ace\" data-element_type=\"container\" data-settings=\"{&quot;background_background&quot;:&quot;gradient&quot;}\">\n\t\t<div class=\"elementor-element elementor-element-58dc8fb e-grid e-con-full e-con e-child\" data-id=\"58dc8fb\" data-element_type=\"container\" data-settings=\"{&quot;background_background&quot;:&quot;classic&quot;}\">\n\t\t<div class=\"elementor-element elementor-element-374e4b9 e-con-full e-flex e-con e-child\" data-id=\"374e4b9\" data-element_type=\"container\">\n\t\t<div class=\"elementor-element elementor-element-f55bb0b e-con-full e-flex e-con e-child\" data-id=\"f55bb0b\" data-element_type=\"container\">\n\t\t\t\t<div class=\"elementor-element elementor-element-d40c59a elementor-invisible elementor-widget elementor-widget-image\" data-id=\"d40c59a\" data-element_type=\"widget\" data-settings=\"{&quot;_animation&quot;:&quot;fadeInDown&quot;}\" data-widget_type=\"image.default\">\n\t\t\t\t\t\t\t\t\t\t\t\t\t\t\t\t<a href=\"https:\/\/vzr-garant.nl\/organisaties\/aangesloten-organisaties\/kunji-travel?_gl=1*1gb787*_up*MQ..*_gs*MQ..&#038;gclid=CjwKCAjwjtTNBhB0EiwAuswYhrhjvkBMvbWJdVXCDCcPiFQ_HrPvdlWtuMVj-kAMg6pfYG7s6fBJPRoC0e4QAvD_BwE&#038;gbraid=0AAAAADDWzjrbp1j8TFxnnRz9KpFOGIPND\">\n\t\t\t\t\t\t\t<img fetchpriority=\"high\" decoding=\"async\" width=\"800\" height=\"531\" src=\"https:\/\/kunjitravel.nl\/wp-content\/uploads\/2025\/07\/VZR-garant_RGB-1024x680.png\" class=\"elementor-animation-hang attachment-large size-large wp-image-87\" alt=\"Kunji Travel is aangesloten bij VZR Garant - Veilig en vertrouwd op reis naar Japan en Taiwan.\" \/>\t\t\t\t\t\t\t\t<\/a>\n\t\t\t\t\t\t\t\t\t\t\t\t\t\t\t<\/div>\n\t\t\t\t<\/div>\n\t\t<div class=\"elementor-element elementor-element-69bc30d e-con-full e-flex e-con e-child\" data-id=\"69bc30d\" data-element_type=\"container\">\n\t\t\t\t<div class=\"elementor-element elementor-element-cef7a79 animated-fast elementor-widget-mobile__width-initial elementor-invisible elementor-widget elementor-widget-text-editor\" data-id=\"cef7a79\" data-element_type=\"widget\" data-settings=\"{&quot;_animation&quot;:&quot;fadeIn&quot;}\" data-widget_type=\"text-editor.default\">\n\t\t\t\t\t\t\t\t\t<p class=\"translation-block\">U kunt dit controleren via de deelnemerspagina\nvan de website van VZR Garant. Binnen de grenzen van de Garantieregeling (te vinden op de website\nvan VZR Garant) is de garantie van VZR Garant van toepassing. In de Garantieregeling leest u op welk\n(reis)aanbod de garantie van VZR Garant exact van toepassing is en wat deze garantie inhoudt.\nWanneer diensten door financieel onvermogen van Kunji Travel niet worden verleend, kunt\nu contact opnemen met VZR Garant, gevestigd aan de Torenallee 20, 5617 BC te Eindhoven, Nederland, via info@vzr-garant.nl of +31 (0)85 13 07 630.<\/p>\t\t\t\t\t\t\t\t<\/div>\n\t\t\t\t<\/div>\n\t\t\t\t<\/div>\n\t\t<div class=\"elementor-element elementor-element-1b82539 e-con-full e-flex e-con e-child\" data-id=\"1b82539\" data-element_type=\"container\">\n\t\t<div class=\"elementor-element elementor-element-de9462e e-con-full e-flex e-con e-child\" data-id=\"de9462e\" data-element_type=\"container\">\n\t\t\t\t<div class=\"elementor-element elementor-element-ad7239a elementor-widget__width-initial elementor-invisible elementor-widget elementor-widget-image\" data-id=\"ad7239a\" data-element_type=\"widget\" data-settings=\"{&quot;_animation&quot;:&quot;fadeInDown&quot;}\" data-widget_type=\"image.default\">\n\t\t\t\t\t\t\t\t\t\t\t\t\t\t\t\t<a href=\"https:\/\/www.calamiteitenfonds.nl\/aangesloten-reisorganisaties\/kunji-travel\/\">\n\t\t\t\t\t\t\t<img decoding=\"async\" width=\"313\" height=\"313\" src=\"https:\/\/kunjitravel.nl\/wp-content\/uploads\/2025\/09\/1.jpg\" class=\"elementor-animation-hang attachment-large size-large wp-image-2231\" alt=\"Kunji Travel is aangesloten bij het Calamiteitenfonds - Veilig reizen naar Japan en Taiwan met financi\u00eble dekking bij natuurrampen of onrust.\" srcset=\"https:\/\/kunjitravel.nl\/wp-content\/uploads\/2025\/09\/1.jpg 313w, https:\/\/kunjitravel.nl\/wp-content\/uploads\/2025\/09\/1-300x300.jpg 300w, https:\/\/kunjitravel.nl\/wp-content\/uploads\/2025\/09\/1-150x150.jpg 150w, https:\/\/kunjitravel.nl\/wp-content\/uploads\/2025\/09\/1-12x12.jpg 12w\" sizes=\"(max-width: 313px) 100vw, 313px\" \/>\t\t\t\t\t\t\t\t<\/a>\n\t\t\t\t\t\t\t\t\t\t\t\t\t\t\t<\/div>\n\t\t\t\t<\/div>\n\t\t<div class=\"elementor-element elementor-element-0d3e777 e-con-full e-flex e-con e-child\" data-id=\"0d3e777\" data-element_type=\"container\">\n\t\t\t\t<div class=\"elementor-element elementor-element-3aa99e4 animated-fast elementor-widget-mobile__width-initial elementor-invisible elementor-widget elementor-widget-text-editor\" data-id=\"3aa99e4\" data-element_type=\"widget\" data-settings=\"{&quot;_animation&quot;:&quot;fadeIn&quot;}\" data-widget_type=\"text-editor.default\">\n\t\t\t\t\t\t\t\t\t<p data-start=\"53\" data-end=\"165\">Kunji Travel (KvK nr. 97733075) is aangesloten bij de Stichting Calamiteitenfonds Reizen.<\/p><p data-start=\"167\" data-end=\"284\">De garantie van het Calamiteitenfonds houdt in dat u als reiziger die deelneemt aan een reis waarop de garantie van toepassing is:<\/p><ul data-start=\"285\" data-end=\"537\"><li data-start=\"285\" data-end=\"409\"><p data-start=\"287\" data-end=\"409\">(een deel van) uw reissom terugkrijgt indien wij de reis als gevolg van een calamiteit niet of niet volledig kunnen uitvoeren;<\/p><\/li><li data-start=\"410\" data-end=\"537\"><p data-start=\"412\" data-end=\"537\">de noodzakelijke meerkosten vergoed krijgt indien wij als gevolg van een calamiteit de reis moeten aanpassen of indien wij u vervroegd moeten repatri\u00ebren.<\/p><\/li><\/ul><p data-start=\"539\" data-end=\"631\">Onder calamiteit wordt verstaan een door molest of natuurramp veroorzaakte abnormale gebeurtenis.<\/p>\t\t\t\t\t\t\t\t<\/div>\n\t\t\t\t<\/div>\n\t\t\t\t<\/div>\n\t\t<div class=\"elementor-element elementor-element-5f174da e-con-full e-flex e-con e-child\" data-id=\"5f174da\" data-element_type=\"container\">\n\t\t<div class=\"elementor-element elementor-element-9cd32c9 e-con-full e-flex e-con e-child\" data-id=\"9cd32c9\" data-element_type=\"container\">\n\t\t\t\t<div class=\"elementor-element elementor-element-873e411 elementor-widget__width-initial elementor-invisible elementor-widget elementor-widget-image\" data-id=\"873e411\" data-element_type=\"widget\" data-settings=\"{&quot;_animation&quot;:&quot;fadeInDown&quot;}\" data-widget_type=\"image.default\">\n\t\t\t\t\t\t\t\t\t\t\t\t\t\t\t\t<a href=\"https:\/\/www.vvkr.nl\/reisorganisatie\/kunji-travel\">\n\t\t\t\t\t\t\t<img decoding=\"async\" width=\"800\" height=\"498\" src=\"https:\/\/kunjitravel.nl\/wp-content\/uploads\/2025\/07\/logopnglarge-1024x637.png\" class=\"elementor-animation-hang attachment-large size-large wp-image-2095\" alt=\"Alt Text: Kunji Travel is lid van de VVKR - De specialist voor kleinschalige en persoonlijke rondreizen naar Japan en Taiwan.\" srcset=\"https:\/\/kunjitravel.nl\/wp-content\/uploads\/2025\/07\/logopnglarge-1024x637.png 1024w, https:\/\/kunjitravel.nl\/wp-content\/uploads\/2025\/07\/logopnglarge-300x187.png 300w, https:\/\/kunjitravel.nl\/wp-content\/uploads\/2025\/07\/logopnglarge-768x478.png 768w, https:\/\/kunjitravel.nl\/wp-content\/uploads\/2025\/07\/logopnglarge-18x12.png 18w, https:\/\/kunjitravel.nl\/wp-content\/uploads\/2025\/07\/logopnglarge.png 1197w\" sizes=\"(max-width: 800px) 100vw, 800px\" \/>\t\t\t\t\t\t\t\t<\/a>\n\t\t\t\t\t\t\t\t\t\t\t\t\t\t\t<\/div>\n\t\t\t\t<\/div>\n\t\t<div class=\"elementor-element elementor-element-b0dc426 e-con-full e-flex e-con e-child\" data-id=\"b0dc426\" data-element_type=\"container\">\n\t\t\t\t<div class=\"elementor-element elementor-element-97e9872 animated-fast elementor-widget-mobile__width-initial elementor-invisible elementor-widget elementor-widget-text-editor\" data-id=\"97e9872\" data-element_type=\"widget\" data-settings=\"{&quot;_animation&quot;:&quot;fadeIn&quot;}\" data-widget_type=\"text-editor.default\">\n\t\t\t\t\t\t\t\t\t<p>Wij zijn aangesloten bij de Vereniging van Kleinschalige Reisorganisaties (VvKR). VvKR komt op voor\nde belangen van kleine, vaak specialistische reisorganisaties. Via VvKR bundelen we onze krachten\nen delen we onze expertise om zowel voor de reisorganisatie als de consument tot een zo groot\nmogelijke zekerheid en tevredenheid te komen.<\/p>\t\t\t\t\t\t\t\t<\/div>\n\t\t\t\t<\/div>\n\t\t\t\t<\/div>\n\t\t\t\t<\/div>\n\t\t\t\t<\/div>\n\t\t<div class=\"elementor-element elementor-element-cae154e e-flex e-con-boxed e-con e-parent\" data-id=\"cae154e\" data-element_type=\"container\">\n\t\t\t\t\t<div class=\"e-con-inner\">\n\t\t\t\t<div class=\"elementor-element elementor-element-24399a5 elementor-widget-divider--view-line elementor-widget elementor-widget-divider\" data-id=\"24399a5\" data-element_type=\"widget\" data-widget_type=\"divider.default\">\n\t\t\t\t\t\t\t<div class=\"elementor-divider\">\n\t\t\t<span class=\"elementor-divider-separator\">\n\t\t\t\t\t\t<\/span>\n\t\t<\/div>\n\t\t\t\t\t\t<\/div>\n\t\t\t\t<div class=\"elementor-element elementor-element-6cfb610 elementor-widget elementor-widget-spacer\" data-id=\"6cfb610\" data-element_type=\"widget\" data-widget_type=\"spacer.default\">\n\t\t\t\t\t\t\t<div class=\"elementor-spacer\">\n\t\t\t<div class=\"elementor-spacer-inner\"><\/div>\n\t\t<\/div>\n\t\t\t\t\t\t<\/div>\n\t\t\t\t\t<\/div>\n\t\t\t\t<\/div>\n\t\t\t\t<\/div>","protected":false},"excerpt":{"rendered":"<p>Why Travel with Us? At Kunji Travel, we don\u2019t just plan trips. We create meaningful journeys. With deep roots in Taiwan and Japan, we offer more than just sightseeing. Our travelers experience real connections, hidden wonders, and thoughtful service every step of the way. Explore our offers Here\u2019s what makes us different: 1. We Are [&hellip;]<\/p>","protected":false},"author":1,"featured_media":0,"parent":0,"menu_order":0,"comment_status":"closed","ping_status":"closed","template":"","meta":{"footnotes":""},"class_list":["post-1376","page","type-page","status-publish","hentry"],"_links":{"self":[{"href":"https:\/\/kunjitravel.nl\/nl\/wp-json\/wp\/v2\/pages\/1376","targetHints":{"allow":["GET"]}}],"collection":[{"href":"https:\/\/kunjitravel.nl\/nl\/wp-json\/wp\/v2\/pages"}],"about":[{"href":"https:\/\/kunjitravel.nl\/nl\/wp-json\/wp\/v2\/types\/page"}],"author":[{"embeddable":true,"href":"https:\/\/kunjitravel.nl\/nl\/wp-json\/wp\/v2\/users\/1"}],"replies":[{"embeddable":true,"href":"https:\/\/kunjitravel.nl\/nl\/wp-json\/wp\/v2\/comments?post=1376"}],"version-history":[{"count":0,"href":"https:\/\/kunjitravel.nl\/nl\/wp-json\/wp\/v2\/pages\/1376\/revisions"}],"wp:attachment":[{"href":"https:\/\/kunjitravel.nl\/nl\/wp-json\/wp\/v2\/media?parent=1376"}],"curies":[{"name":"wp","href":"https:\/\/api.w.org\/{rel}","templated":true}]}}